{"id":156,"date":"2025-09-10T19:02:35","date_gmt":"2025-09-10T19:02:35","guid":{"rendered":"https:\/\/www.rainmaker.ooo\/?page_id=156"},"modified":"2025-09-12T19:18:42","modified_gmt":"2025-09-12T19:18:42","slug":"casos_exito","status":"publish","type":"page","link":"https:\/\/www.rainmaker.ooo\/en\/casos_exito\/","title":{"rendered":"casos_exito"},"content":{"rendered":"<p><a href=\"#\"><br \/>\n\t\t\t\t\t\t\t\t\tTamaulipas<br \/>\n\t\t\t\t\t<\/a><\/p>\n<h1>Rain &gt; forecast<\/h1>\n<p data-start=\"698\" data-end=\"928\">Our results are demonstrated in clear images: the forecasts expected rains limited, but thanks to the interventions of stimulation were observed precipitation significantly higher.<\/p>\n<p><em>*In the following image you can see the forecast of rain vs rain real moving the red bar<\/em><\/p>\n<p>            <img loading=\"lazy\" width=\"1587\" height=\"2245\" src=\"https:\/\/www.rainmaker.ooo\/wp-content\/uploads\/2025\/09\/caso_exito_tamaulipas2.png\" alt=\"\" decoding=\"async\" srcset=\"https:\/\/www.rainmaker.ooo\/wp-content\/uploads\/2025\/09\/caso_exito_tamaulipas2.png 1587w, https:\/\/www.rainmaker.ooo\/wp-content\/uploads\/2025\/09\/caso_exito_tamaulipas2-212x300.png 212w, https:\/\/www.rainmaker.ooo\/wp-content\/uploads\/2025\/09\/caso_exito_tamaulipas2-724x1024.png 724w, https:\/\/www.rainmaker.ooo\/wp-content\/uploads\/2025\/09\/caso_exito_tamaulipas2-768x1086.png 768w, https:\/\/www.rainmaker.ooo\/wp-content\/uploads\/2025\/09\/caso_exito_tamaulipas2-1086x1536.png 1086w, https:\/\/www.rainmaker.ooo\/wp-content\/uploads\/2025\/09\/caso_exito_tamaulipas2-1448x2048.png 1448w\" sizes=\"auto, (max-width: 1587px) 100vw, 1587px\" \/><img loading=\"lazy\" width=\"1357\" height=\"1920\" src=\"https:\/\/www.rainmaker.ooo\/wp-content\/uploads\/2025\/09\/caso_exito_tamaulipas1.webp\" alt=\"\" decoding=\"async\" srcset=\"https:\/\/www.rainmaker.ooo\/wp-content\/uploads\/2025\/09\/caso_exito_tamaulipas1.webp 1357w, https:\/\/www.rainmaker.ooo\/wp-content\/uploads\/2025\/09\/caso_exito_tamaulipas1-212x300.webp 212w, https:\/\/www.rainmaker.ooo\/wp-content\/uploads\/2025\/09\/caso_exito_tamaulipas1-724x1024.png 724w, https:\/\/www.rainmaker.ooo\/wp-content\/uploads\/2025\/09\/caso_exito_tamaulipas1-768x1086.png 768w, https:\/\/www.rainmaker.ooo\/wp-content\/uploads\/2025\/09\/caso_exito_tamaulipas1-1086x1536.png 1086w, https:\/\/www.rainmaker.ooo\/wp-content\/uploads\/2025\/09\/caso_exito_tamaulipas1-1448x2048.png 1448w\" sizes=\"auto, (max-width: 1357px) 100vw, 1357px\" \/>        <\/p>\n<h3>We highlight cases such as:<\/h3>\n<p>\t\t\t\t\t\t\tConsistent results in the Sierra Madre, supporting agriculture and temporal availability of water in the basin to high mountain.<br \/>\n\t\t\t\t\t\t\t<img loading=\"lazy\" decoding=\"async\" width=\"500\" height=\"500\" src=\"https:\/\/www.rainmaker.ooo\/wp-content\/uploads\/2025\/09\/1.webp\" alt=\"\" \/><br \/>\n\t\t\t\t\t\t\t\t\t\t\t\t\t\tChihuahua<br \/>\n\t\t\t\t\t\t\tDuring the program, 2024've managed to increase the efficiency of precipitation in the north zone, with a direct impact on the principal prey of the state.<br \/>\n\t\t\t\t\t\t\t<img loading=\"lazy\" decoding=\"async\" width=\"500\" height=\"500\" src=\"https:\/\/www.rainmaker.ooo\/wp-content\/uploads\/2025\/09\/2.webp\" alt=\"\" \/><br \/>\n\t\t\t\t\t\t\t\t\t\t\t\t\t\tSinaloa<br \/>\n\t\t\t\t\t\t\tInterventions that facilitate the recovery of water in agricultural areas is critical.<br \/>\n\t\t\t\t\t\t\t<img loading=\"lazy\" decoding=\"async\" width=\"1920\" height=\"1920\" src=\"https:\/\/www.rainmaker.ooo\/wp-content\/uploads\/2025\/09\/gobierno-tamps_logo.webp\" alt=\"\" \/><br \/>\n\t\t\t\t\t\t\t\t\t\t\t\t\t\tTamaulipas<\/p>\n<figure>\n\t\t\t\t<img loading=\"lazy\" width=\"800\" height=\"418\" src=\"https:\/\/www.rainmaker.ooo\/wp-content\/uploads\/2025\/09\/antonio_varela_flores.webp\" alt=\"\" decoding=\"async\" srcset=\"https:\/\/www.rainmaker.ooo\/wp-content\/uploads\/2025\/09\/antonio_varela_flores.webp 960w, https:\/\/www.rainmaker.ooo\/wp-content\/uploads\/2025\/09\/antonio_varela_flores-300x157.webp 300w, https:\/\/www.rainmaker.ooo\/wp-content\/uploads\/2025\/09\/antonio_varela_flores-768x402.webp 768w\" sizes=\"auto, (max-width: 800px) 100vw, 800px\" \/>\t\t\t<\/figure>\n<h2>Ing. Antonio Varela Flores<\/h2>\n<p>\t\t\t\t\t\t\tSecretary of Rural Development, Fisheries and Aquaculture of the State of Tamaulipas<br \/>\n\t\t\t\t\t<a target=\"_blank\" rel=\"noopener\" href=\"https:\/\/www.tamaulipas.gob.mx\/desarrollorural\/\"><\/a>\t\t\t\t<\/p>\n<blockquote>\n<p>\n\t\t\t\t&#8220;&#8230;otro de los grandes proyectos de nuestro gobernador, fue la estimulaci\u00f3n de nubes; la sequ\u00eda recurrente que hemos tenido durante los \u00faltimos 8 a\u00f1os ha provocado que las lluvias promedio sean mucho menores a la media hist\u00f3rica, por lo que, para mitigar esta falta de lluvias, se recurri\u00f3 a contratar el servicio de estimulaci\u00f3n de nubes, este programa empez\u00f3 el a\u00f1o pasado en marzo, y sigue vigente hasta el d\u00eda de hoy, con v\u00edas de permanente, seg\u00fan las instrucciones que tenemos del Gobernador. Esa tecnolog\u00eda ha permitido aumentar de manera significativa las precipitaciones, generando escurrimientos que benefician a la producci\u00f3n agropecuaria, la disponibilidad de agua para los asentamientos urbanos, y la recuperaci\u00f3n de los ecosistemas afectados por la sequ\u00eda.\u00a0&#8221;\t\t\t<\/p>\n<p>\t\t\t\t\t\t\t\t\t\t\t<cite>-Speech parliamentary<\/cite>\n\t\t\t\t\t<\/p><\/blockquote>\n<figure>\n\t\t\t\t<img loading=\"lazy\" width=\"800\" height=\"600\" src=\"https:\/\/www.rainmaker.ooo\/wp-content\/uploads\/2025\/09\/exigen_que_jaime_montes_de_la_cara_y_diga_en_que_estx_ayudando_a_sinaloa-1024x768.webp\" alt=\"\" decoding=\"async\" srcset=\"https:\/\/www.rainmaker.ooo\/wp-content\/uploads\/2025\/09\/exigen_que_jaime_montes_de_la_cara_y_diga_en_que_estx_ayudando_a_sinaloa-1024x768.webp 1024w, https:\/\/www.rainmaker.ooo\/wp-content\/uploads\/2025\/09\/exigen_que_jaime_montes_de_la_cara_y_diga_en_que_estx_ayudando_a_sinaloa-300x225.webp 300w, https:\/\/www.rainmaker.ooo\/wp-content\/uploads\/2025\/09\/exigen_que_jaime_montes_de_la_cara_y_diga_en_que_estx_ayudando_a_sinaloa-768x576.webp 768w, https:\/\/www.rainmaker.ooo\/wp-content\/uploads\/2025\/09\/exigen_que_jaime_montes_de_la_cara_y_diga_en_que_estx_ayudando_a_sinaloa.webp 1200w\" sizes=\"auto, (max-width: 800px) 100vw, 800px\" \/>\t\t\t<\/figure>\n<h2>Ing. Jose Jaime Montes Rooms<\/h2>\n<p>\t\t\t\t\t\t\tFormer Secretary of Agriculture and Livestock<br \/>\n\t\t\t\t\t<a target=\"_blank\" rel=\"noopener\" href=\"https:\/\/www.tamaulipas.gob.mx\/desarrollorural\/\"><\/a>\t\t\t\t<\/p>\n<blockquote>\n<p>\n\t\t\t\t\u201c&#8230; hubo condiciones clim\u00e1ticas para sembrar las nubes, tuvimos reportes de la ciudadan\u00eda. En los modelos matem\u00e1ticos dec\u00edan que iban a llover 17 mil\u00edmetros de promedio y en algunas partes llegamos hasta 74 (mil\u00edmetros). Est\u00e1n muy contentos y hoy me est\u00e1n pidiendo autorizaci\u00f3n para hacer el tercer vuelo porque hay condiciones.\u201d\t\t\t<\/p>\n<p>\t\t\t\t\t\t\t\t\t\t\t<cite>-press conference \u2018semanera\u2019, headed by the governor Rub\u00e9n Rocha Moya<\/cite>\n\t\t\t\t\t<\/p><\/blockquote>\n<h3>Aporaci\u00f3n to prey<\/h3>\n<p data-start=\"1572\" data-end=\"1833\">The increments of rain is not only reflected in the satellites, also in the stored water. During the period of stimulation, the prey of Sinaloa were additional contributions that reinforce the success of our operations.<\/p>\n<p>\t\t\t\t\t\t\t\t\t\t\t\t\t<img decoding=\"async\" src=\"https:\/\/www.rainmaker.ooo\/wp-content\/uploads\/2025\/09\/Comportamiento-presas-sinaloa-20204-768x580.png\" alt=\"\"><br \/>\n\t\t\t\t\t\t\t\t\t\t\t\t\t<img decoding=\"async\" src=\"https:\/\/www.rainmaker.ooo\/wp-content\/uploads\/2025\/09\/comportamiento-presas-sinaloa-2024-2-768x582.webp\" alt=\"\"><br \/>\n\t\t\t\t\t<button type=\"button\"><svg aria-hidden=\"true\" viewbox=\"0 0 320 512\" xmlns=\"http:\/\/www.w3.org\/2000\/svg\"><path d=\"M34.52 239.03L228.87 44.69c9.37-9.37 24.57-9.37 33.94 0l22.67 22.67c9.36 9.36 9.37 24.52.04 33.9L131.49 256l154.02 154.75c9.34 9.38 9.32 24.54-.04 33.9l-22.67 22.67c-9.37 9.37-24.57 9.37-33.94 0L34.52 272.97c-9.37-9.37-9.37-24.57 0-33.94z\"><\/path><\/svg><\/button><br \/>\n\t\t\t\t\t<button type=\"button\"><svg aria-hidden=\"true\" viewbox=\"0 0 320 512\" xmlns=\"http:\/\/www.w3.org\/2000\/svg\"><path d=\"M285.476 272.971L91.132 467.314c-9.373 9.373-24.569 9.373-33.941 0l-22.667-22.667c-9.357-9.357-9.375-24.522-.04-33.901L188.505 256 34.484 101.255c-9.335-9.379-9.317-24.544.04-33.901l22.667-22.667c9.373-9.373 24.569-9.373 33.941 0L285.475 239.03c9.373 9.372 9.373 24.568.001 33.941z\"><\/path><\/svg><\/button><\/p>\n<p>This chart represents the behavior of the storage and daily intake of the dam Luis Donaldo Colosio and Gustavo D\u00edaz Ordaz, with regard to the interventions of seeding of clouds made by RainMaker\u00ae (green lines with a yellow border).<\/p>\n<\/p>\n<p>We can see that in the period of interventions storage beginning in approximately 780 MM3 and term 1,200 MM3, that is to say that accumulated 420 MM3, of which, the stimulation of rains has a causal relationship of increase in precipitation of about 230 MM3 (55%), which sheds an additional storage 23 MM3 for operation.<\/p>\n<h1>More water for all!<\/h1>\n<p data-start=\"1932\" data-end=\"2126\">RainMaker\u00ae not only focuses on technological innovation, but in <strong data-start=\"1999\" data-end=\"2037\">delivering value to our customers<\/strong>: farmers, state governments and the communities that depend on water to thrive.<\/p>\n<p data-start=\"2128\" data-end=\"2300\">The cases of success in the north of the country show that the stimulation of rain can become a strategic tool against drought and climate change.<\/p>\n<p>\t\t\t\t\t\t\t\t\t\t\t\t\t<img loading=\"lazy\" decoding=\"async\" width=\"683\" height=\"1024\" src=\"https:\/\/www.rainmaker.ooo\/wp-content\/uploads\/2025\/09\/pexels-karolina-grabowska-4207907-683x1024.webp\" alt=\"\" srcset=\"https:\/\/www.rainmaker.ooo\/wp-content\/uploads\/2025\/09\/pexels-karolina-grabowska-4207907-683x1024.webp 683w, https:\/\/www.rainmaker.ooo\/wp-content\/uploads\/2025\/09\/pexels-karolina-grabowska-4207907-200x300.webp 200w, https:\/\/www.rainmaker.ooo\/wp-content\/uploads\/2025\/09\/pexels-karolina-grabowska-4207907-768x1152.webp 768w, https:\/\/www.rainmaker.ooo\/wp-content\/uploads\/2025\/09\/pexels-karolina-grabowska-4207907-1024x1536.webp 1024w, https:\/\/www.rainmaker.ooo\/wp-content\/uploads\/2025\/09\/pexels-karolina-grabowska-4207907-scaled.webp 1280w\" sizes=\"auto, (max-width: 683px) 100vw, 683px\" \/><\/p>","protected":false},"excerpt":{"rendered":"<p>Tamaulipas Lluvia &gt; pron\u00f3stico Nuestros resultados se demuestran en im\u00e1genes claras: los pron\u00f3sticos esperaban lluvias limitadas, pero gracias a las intervenciones de estimulaci\u00f3n se observaron precipitaciones significativamente mayores. *En la siguiente imagen podemos ver el pron\u00f3stico de lluvia vs la lluvia real desplazando la barra roja Destacamos casos como: Resultados consistentes en la Sierra Madre, [&hellip;]<\/p>","protected":false},"author":1,"featured_media":0,"parent":0,"menu_order":0,"comment_status":"closed","ping_status":"closed","template":"","meta":{"footnotes":""},"class_list":["post-156","page","type-page","status-publish","hentry"],"_links":{"self":[{"href":"https:\/\/www.rainmaker.ooo\/en\/wp-json\/wp\/v2\/pages\/156","targetHints":{"allow":["GET"]}}],"collection":[{"href":"https:\/\/www.rainmaker.ooo\/en\/wp-json\/wp\/v2\/pages"}],"about":[{"href":"https:\/\/www.rainmaker.ooo\/en\/wp-json\/wp\/v2\/types\/page"}],"author":[{"embeddable":true,"href":"https:\/\/www.rainmaker.ooo\/en\/wp-json\/wp\/v2\/users\/1"}],"replies":[{"embeddable":true,"href":"https:\/\/www.rainmaker.ooo\/en\/wp-json\/wp\/v2\/comments?post=156"}],"version-history":[{"count":22,"href":"https:\/\/www.rainmaker.ooo\/en\/wp-json\/wp\/v2\/pages\/156\/revisions"}],"predecessor-version":[{"id":337,"href":"https:\/\/www.rainmaker.ooo\/en\/wp-json\/wp\/v2\/pages\/156\/revisions\/337"}],"wp:attachment":[{"href":"https:\/\/www.rainmaker.ooo\/en\/wp-json\/wp\/v2\/media?parent=156"}],"curies":[{"name":"wp","href":"https:\/\/api.w.org\/{rel}","templated":true}]}}